{"id":4936,"date":"2026-04-22T10:09:21","date_gmt":"2026-04-22T13:09:21","guid":{"rendered":"https:\/\/ispsfrey-cha.infd.edu.ar\/sitio\/?page_id=4936"},"modified":"2026-04-23T18:00:43","modified_gmt":"2026-04-23T21:00:43","slug":"equivalencias-y-homologacion","status":"publish","type":"page","link":"https:\/\/ispsfrey-cha.infd.edu.ar\/sitio\/equivalencias-y-homologacion\/","title":{"rendered":"Equivalencias"},"content":{"rendered":"\n<h5 class=\"wp-block-heading\">Se encuentra abierto per\u00edodo equivalencias y homologaci\u00f3n para estudiantes hasta 8 de Mayo!<\/h5>\n\n\n\n<h5 class=\"wp-block-heading\">Ver atentamente requisitos:<\/h5>\n\n\n\n<p>&#x1f4cc; Para iniciar el tr\u00e1mite de reconocimiento de UC por equivalencias con <strong>UC que proviene de otro IES que no es el San Fernando Rey<\/strong>.<br>&#x2705; Programas Certificados, la certificaci\u00f3n deber\u00e1 estar adjunta a cada programa y deber\u00e1 incluir informaci\u00f3n como: nombre de la UC, a\u00f1o al que pertenece seg\u00fan Plan de es Estudios, fecha de acreditaci\u00f3n, calificaci\u00f3n de acreditaci\u00f3n de la UC, libro y folio en el que se asienta dicha calificaci\u00f3n<br>&#x2705;<a href=\"https:\/\/drive.google.com\/drive\/folders\/1l1ecTNeCewyAKMxPvUuEFU83aAoQyl8p?usp=sharing\">Nota en la que solicita el reconocimiento de equivalencia de UC, en en los tiempos y modos que el calendario escolar lo determine: 20\/04 al 08\/05 . Se podr\u00e1n acceder a los modelos de nota desde el sitio web institucional haciendo clik ac\u00e1.<\/a><br>&#x2705; Certificado Anal\u00edtico original de la instituci\u00f3n de la q proviene en la que conste las UC acreditadas, con expresa indicaci\u00f3n de fecha del examen y calificaci\u00f3n, obtenida. Tambi\u00e9n deber\u00e1 constar en el mismo o en otra certificaci\u00f3n complementaria, el sistema de calificaci\u00f3n, escala que se aplic\u00f3 y nota m\u00ednima de aprobaci\u00f3n.<br>&#x2705;Copias del programa anal\u00edtico con el que haya aprobado la asignatura cuya equivalencia solicita aut\u00e9nticada o legalizada por por la instituci\u00f3n de origen. Cada faz debe tener el sello redondo del instituto, el sello de \u00abes copia\u00bb en cada faz que haya informaci\u00f3n y sello de autoridad que certifica con firma completa en la primera y \u00faltima hoja y media firma en las intermedias.<\/p>\n\n\n\n<p>&#x1f4cc; Para iniciar el tr\u00e1mite de reconocimiento de <strong>UC por equivalencias INTERNA el IES San Fernando Rey<\/strong><br>&#x2705; Programas certificados, no se presentan porque obra en el instituto.<br>&#x2705; <a href=\"https:\/\/drive.google.com\/drive\/folders\/1l1ecTNeCewyAKMxPvUuEFU83aAoQyl8p?usp=sharing\">Nota en la que solicite el reconocimiento de equivalencia de UC, en los tiempos y modos de nota podr\u00e1n acceder desde el sitio web institucional. Presentar una sola nota haciendo clik ac\u00e1.<\/a><br>&#x2705; Certificado Anal\u00edtico original de la instituci\u00f3n de la que proviene: tampoco debe presentar el estudiante. El Bedel adjunta la Constancia de Acreditaci\u00f3n a la nota del estudiante.<br>&#x2705;Copias del programa anal\u00edtico. No deben presentar programas porque obran en el instituto. El Bedel de la carrera a la que pertenece el estudiante debe recopilar los programas.<\/p>\n\n\n\n<p>&#x1f4cc; N<strong>ota en la que se solicite el reconocimiento de equivalencias por homologaci\u00f3n <\/strong><\/p>\n\n\n\n<p><\/p>\n","protected":false},"excerpt":{"rendered":"<p>Se encuentra abierto per\u00edodo equivalencias y homologaci\u00f3n para estudiantes hasta 8 de Mayo! Ver atentamente requisitos: &#x1f4cc; Para iniciar el tr\u00e1mite de reconocimiento de UC por equivalencias con UC que proviene de otro IES que no es el San Fernando Rey.&#x2705; Programas Certificados, la certificaci\u00f3n deber\u00e1 estar adjunta a cada programa y deber\u00e1 incluir informaci\u00f3n &#8230; <a title=\"Equivalencias\" class=\"read-more\" href=\"https:\/\/ispsfrey-cha.infd.edu.ar\/sitio\/equivalencias-y-homologacion\/\" aria-label=\"More on Equivalencias\">[+]<\/a><\/p>\n","protected":false},"author":770,"featured_media":0,"parent":0,"menu_order":0,"comment_status":"closed","ping_status":"closed","template":"","meta":[],"acf":[],"_links":{"self":[{"href":"https:\/\/ispsfrey-cha.infd.edu.ar\/sitio\/wp-json\/wp\/v2\/pages\/4936"}],"collection":[{"href":"https:\/\/ispsfrey-cha.infd.edu.ar\/sitio\/wp-json\/wp\/v2\/pages"}],"about":[{"href":"https:\/\/ispsfrey-cha.infd.edu.ar\/sitio\/wp-json\/wp\/v2\/types\/page"}],"author":[{"embeddable":true,"href":"https:\/\/ispsfrey-cha.infd.edu.ar\/sitio\/wp-json\/wp\/v2\/users\/770"}],"replies":[{"embeddable":true,"href":"https:\/\/ispsfrey-cha.infd.edu.ar\/sitio\/wp-json\/wp\/v2\/comments?post=4936"}],"version-history":[{"count":3,"href":"https:\/\/ispsfrey-cha.infd.edu.ar\/sitio\/wp-json\/wp\/v2\/pages\/4936\/revisions"}],"predecessor-version":[{"id":4945,"href":"https:\/\/ispsfrey-cha.infd.edu.ar\/sitio\/wp-json\/wp\/v2\/pages\/4936\/revisions\/4945"}],"wp:attachment":[{"href":"https:\/\/ispsfrey-cha.infd.edu.ar\/sitio\/wp-json\/wp\/v2\/media?parent=4936"}],"curies":[{"name":"wp","href":"https:\/\/api.w.org\/{rel}","templated":true}]}}