{"id":286,"date":"2016-10-31T13:17:59","date_gmt":"2016-10-31T16:17:59","guid":{"rendered":"https:\/\/ispsfrey-cha.infd.edu.ar\/sitio\/?page_id=286"},"modified":"2026-04-16T14:02:57","modified_gmt":"2026-04-16T17:02:57","slug":"inicio","status":"publish","type":"page","link":"https:\/\/ispsfrey-cha.infd.edu.ar\/sitio\/","title":{"rendered":"CICLO LECTIVO 2026"},"content":{"rendered":"<div>\n<div>\n<div class=\"xdj266r x11i5rnm xat24cr x1mh8g0r x1vvkbs x126k92a\">\n<h1 style=\"text-align: center;\"><span style=\"color: #ff6600;\"><strong>CICLO LECTIVO 2026<\/strong><\/span><\/h1>\n<h6 style=\"text-align: center;\"><strong>Accediendo al <span style=\"color: #0000ff;\">men\u00fa<\/span>, en la opci\u00f3n <span style=\"color: #ff0000;\">NOVEDADES 2026<\/span> podr\u00e1n encontrar informaci\u00f3n<\/strong><\/h6>\n<p><a href=\"https:\/\/www.instagram.com\/iessanfernandorey\/\"><div id=\"metaslider-id-4639\" style=\"max-width: 1800px; margin: 0 auto;\" class=\"ml-slider-3-33-0 metaslider metaslider-flex metaslider-4639 ml-slider ms-theme-default nav-hidden\" role=\"region\" aria-roledescription=\"Slideshow\" aria-label=\"Slideshow\">\n    <div id=\"metaslider_container_4639\">\n        <div id=\"metaslider_4639\">\n            <ul aria-live=\"polite\" class=\"slides\">\n                <li style=\"display: block; width: 100%;\" class=\"slide-4678 ms-image\" aria-roledescription=\"slide\" aria-label=\"slide-4678\"><img src=\"https:\/\/ispsfrey-cha.infd.edu.ar\/sitio\/wp-content\/uploads\/2025\/10\/App-2-1800x1080.png\" height=\"1080\" width=\"1800\" alt=\"\" class=\"slider-4639 slide-4678\" title=\"App (2)\" \/><\/li>\n                <li style=\"display: none; width: 100%;\" class=\"slide-4645 ms-image\" aria-roledescription=\"slide\" aria-label=\"slide-4645\"><img src=\"https:\/\/ispsfrey-cha.infd.edu.ar\/sitio\/wp-content\/uploads\/2026\/02\/App-15-1800x1080.png\" height=\"1080\" width=\"1800\" alt=\"\" class=\"slider-4639 slide-4645\" title=\"App (15)\" \/><\/li>\n                <li style=\"display: none; width: 100%;\" class=\"slide-4646 ms-image\" aria-roledescription=\"slide\" aria-label=\"slide-4646\"><img src=\"https:\/\/ispsfrey-cha.infd.edu.ar\/sitio\/wp-content\/uploads\/2026\/01\/App-9-1800x1080.png\" height=\"1080\" width=\"1800\" alt=\"\" class=\"slider-4639 slide-4646\" title=\"App (9)\" \/><\/li>\n                <li style=\"display: none; width: 100%;\" class=\"slide-4641 ms-image\" aria-roledescription=\"slide\" aria-label=\"slide-4641\"><img src=\"https:\/\/ispsfrey-cha.infd.edu.ar\/sitio\/wp-content\/uploads\/2025\/10\/App-1800x1080.png\" height=\"1080\" width=\"1800\" alt=\"\" class=\"slider-4639 slide-4641\" title=\"App\" \/><\/li>\n            <\/ul>\n        <\/div>\n        \n    <\/div>\n<\/div><\/a><\/p>\n<\/div>\n<\/div>\n<h6 style=\"text-align: center;\">\u00a0<\/h6>\n<\/div>\n<h3>\u00a0<\/h3>\n<p>&nbsp;<\/p>\n<p>&nbsp;<\/p>\n<p>&nbsp;<\/p>\n","protected":false},"excerpt":{"rendered":"<p>CICLO LECTIVO 2026 Accediendo al men\u00fa, en la opci\u00f3n NOVEDADES 2026 podr\u00e1n encontrar informaci\u00f3n \u00a0 \u00a0 &nbsp; &nbsp; &nbsp;<\/p>\n","protected":false},"author":7,"featured_media":0,"parent":0,"menu_order":0,"comment_status":"closed","ping_status":"closed","template":"","meta":[],"acf":[],"_links":{"self":[{"href":"https:\/\/ispsfrey-cha.infd.edu.ar\/sitio\/wp-json\/wp\/v2\/pages\/286"}],"collection":[{"href":"https:\/\/ispsfrey-cha.infd.edu.ar\/sitio\/wp-json\/wp\/v2\/pages"}],"about":[{"href":"https:\/\/ispsfrey-cha.infd.edu.ar\/sitio\/wp-json\/wp\/v2\/types\/page"}],"author":[{"embeddable":true,"href":"https:\/\/ispsfrey-cha.infd.edu.ar\/sitio\/wp-json\/wp\/v2\/users\/7"}],"replies":[{"embeddable":true,"href":"https:\/\/ispsfrey-cha.infd.edu.ar\/sitio\/wp-json\/wp\/v2\/comments?post=286"}],"version-history":[{"count":1094,"href":"https:\/\/ispsfrey-cha.infd.edu.ar\/sitio\/wp-json\/wp\/v2\/pages\/286\/revisions"}],"predecessor-version":[{"id":4921,"href":"https:\/\/ispsfrey-cha.infd.edu.ar\/sitio\/wp-json\/wp\/v2\/pages\/286\/revisions\/4921"}],"wp:attachment":[{"href":"https:\/\/ispsfrey-cha.infd.edu.ar\/sitio\/wp-json\/wp\/v2\/media?parent=286"}],"curies":[{"name":"wp","href":"https:\/\/api.w.org\/{rel}","templated":true}]}}