{"id":1865,"date":"2019-04-26T12:19:45","date_gmt":"2019-04-26T15:19:45","guid":{"rendered":"https:\/\/ispsfrey-cha.infd.edu.ar\/sitio\/?page_id=1865"},"modified":"2023-10-06T16:07:12","modified_gmt":"2023-10-06T19:07:12","slug":"mesas-especiales","status":"publish","type":"page","link":"https:\/\/ispsfrey-cha.infd.edu.ar\/sitio\/mesas-especiales\/","title":{"rendered":""},"content":{"rendered":"<pre><strong>PROFESORADO en MATEM\u00c1TICAS<\/strong><\/pre>\n<div>\n<div>\n<div>-Epistemolog\u00eda de las ciencias para el d\u00eda 17-10-2023 a las 08:00hs.<\/div>\n<div>-Geometr\u00eda M\u00e9trica. An\u00e1lisis Matem\u00e1tico 1 y 2. Geometr\u00eda Proyectiva y Financiera &#8211; 20-10-2023 a las 17:00hs<b><\/b><b><\/b><\/div>\n<div><\/div>\n<\/div>\n<\/div>\n<pre><strong>PROFESORADO en LENGUA Y LITERATURA\n\n<\/strong><\/pre>\n<div>-Ling\u00fc\u00edstica III &#8211; Ling\u00fc\u00edstica IV &#8211; 3er. A\u00f1o &#8211;\u00a0 Plan cerrado &#8211; <span style=\"font-size: revert;\">12\/10\/2023 &#8211; <\/span><span style=\"font-size: revert;\"><span style=\"font-size: revert;\">8 Hs. <\/span><\/span><span style=\"font-size: revert;\">Guasti &#8211; <\/span><span style=\"font-size: revert;\">Vazquez, C &#8211; A<\/span><span style=\"font-size: revert;\">z\u00e1s C. &#8211; <\/span><span style=\"font-size: revert;\">L\u00f3pez N<\/span><\/div>\n<div>-Literatura y Cultura Griega 1er. A\u00f1o Plan cerrado. <span style=\"font-size: revert;\">12\/10\/2023 &#8211; <\/span>10 H &#8211; <span style=\"font-size: revert;\">Guasti &#8211; <\/span><span style=\"font-size: revert;\">Vazquez, C &#8211; A<\/span><span style=\"font-size: revert;\">z\u00e1s C. &#8211; <\/span><span style=\"font-size: revert;\">L\u00f3pez N<\/span><\/div>\n<div>-Did\u00e1ctica de la Semioling\u00fc\u00edstica. 3er. A\u00f1o &#8211; <span style=\"font-size: revert;\">12\/10\/2023 &#8211; <\/span>10 H &#8211; <span style=\"font-size: revert;\">Guasti &#8211; <\/span><span style=\"font-size: revert;\">Vazquez, C &#8211; A<\/span><span style=\"font-size: revert;\">z\u00e1s C. &#8211; <\/span><span style=\"font-size: revert;\">L\u00f3pez N<\/span><\/div>\n<div>&#8211; Literatura Extranjera 4to. A\u00f1o &#8211;\u00a0 Plan cerrado &#8211; <span style=\"font-size: revert;\">12\/10\/2023 &#8211; <\/span>10 H &#8211; <span style=\"font-size: revert;\">Guasti &#8211; <\/span><span style=\"font-size: revert;\">Vazquez, C &#8211; A<\/span><span style=\"font-size: revert;\">z\u00e1s C. &#8211; <\/span><span style=\"font-size: revert;\">L\u00f3pez N<\/span><\/div>\n<div><\/div>\n<pre><strong>PROFESORADO de EE en SORDOS E HIPOAC\u00daSICOS<\/strong><b>\n<\/b><\/pre>\n<div class=\"gs\">\n<div class=\"\">\n<div id=\":12o\" class=\"ii gt\">\n<div>\n<div>\n<div><\/div>\n<\/div>\n<\/div>\n<div>\n<div><\/div>\n<\/div>\n<\/div>\n<\/div>\n<\/div>\n<pre><strong>PROFESORADO de EE en INTELECTUALES\n<\/strong><\/pre>\n<div>\n<div>Sistemas Alternativos de Comunicaci\u00f3n del 3\u00b0 a\u00f1o. El d\u00eda Martes 10 de Octubre a las 8 horas.<\/div>\n<div>Evaluaci\u00f3n y Orientaci\u00f3n Psicopedag\u00f3gica del 4\u00b0 a\u00f1o. El d\u00eda Martes 10 de Octubre a las 8 horas.<\/div>\n<div>Teor\u00edas y Procesos Curriculares del 2\u00b0 a\u00f1o. El d\u00eda Mi\u00e9rcoles 11 de Octubre a las 8:30 horas.<\/div>\n<\/div>\n<div><\/div>\n<pre><strong>\nPROFESORADO en INGL\u00c9S<\/strong><\/pre>\n<div>\n<div>\n<div class=\"yiv0017114867elementToProof\"><u><strong>Profesorado de Ingl\u00e9s (plan viejo)<\/strong><\/u><\/div>\n<p><b style=\"font-size: inherit;\">Profesorado para la Educaci\u00f3n Secundaria en Ingl\u00e9s<\/b><\/p>\n<\/div>\n<div>\n<ul>\n<li>\n<div class=\"yiv0017114867elementToProof\"><\/div>\n<\/li>\n<\/ul>\n<\/div>\n<div><b>Profesorado para la Educaci\u00f3n Superior en Ingl\u00e9s<\/b><\/div>\n<div>\n<ul>\n<li><\/li>\n<\/ul>\n<\/div>\n<\/div>\n<div>\n<div>\n<pre><strong>Profesorado en FRANC\u00c9S<\/strong><\/pre>\n<\/div>\n<\/div>\n<ul>\n<li><\/li>\n<\/ul>\n<pre><strong>PROFESORADO en PORTUGU\u00c9S\n<\/strong><\/pre>\n<ul>\n<li>&#8211;<\/li>\n<\/ul>\n<div class=\"gs\">\n<pre><strong>PROFESORADO en BIBLIOTECOLOG\u00cdA<\/strong><\/pre>\n<\/div>\n<ul>\n<li>&#8211;<\/li>\n<\/ul>\n","protected":false},"excerpt":{"rendered":"<p>PROFESORADO en MATEM\u00c1TICAS -Epistemolog\u00eda de las ciencias para el d\u00eda 17-10-2023 a las 08:00hs. -Geometr\u00eda M\u00e9trica. An\u00e1lisis Matem\u00e1tico 1 y 2. Geometr\u00eda Proyectiva y Financiera &#8211; 20-10-2023 a las 17:00hs PROFESORADO en LENGUA Y LITERATURA -Ling\u00fc\u00edstica III &#8211; Ling\u00fc\u00edstica IV &#8211; 3er. A\u00f1o &#8211;\u00a0 Plan cerrado &#8211; 12\/10\/2023 &#8211; 8 Hs. Guasti &#8211; Vazquez, C &#8230; <a title=\"\" class=\"read-more\" href=\"https:\/\/ispsfrey-cha.infd.edu.ar\/sitio\/mesas-especiales\/\" aria-label=\"More on \">[+]<\/a><\/p>\n","protected":false},"author":197,"featured_media":0,"parent":0,"menu_order":0,"comment_status":"closed","ping_status":"closed","template":"","meta":[],"acf":[],"_links":{"self":[{"href":"https:\/\/ispsfrey-cha.infd.edu.ar\/sitio\/wp-json\/wp\/v2\/pages\/1865"}],"collection":[{"href":"https:\/\/ispsfrey-cha.infd.edu.ar\/sitio\/wp-json\/wp\/v2\/pages"}],"about":[{"href":"https:\/\/ispsfrey-cha.infd.edu.ar\/sitio\/wp-json\/wp\/v2\/types\/page"}],"author":[{"embeddable":true,"href":"https:\/\/ispsfrey-cha.infd.edu.ar\/sitio\/wp-json\/wp\/v2\/users\/197"}],"replies":[{"embeddable":true,"href":"https:\/\/ispsfrey-cha.infd.edu.ar\/sitio\/wp-json\/wp\/v2\/comments?post=1865"}],"version-history":[{"count":47,"href":"https:\/\/ispsfrey-cha.infd.edu.ar\/sitio\/wp-json\/wp\/v2\/pages\/1865\/revisions"}],"predecessor-version":[{"id":3965,"href":"https:\/\/ispsfrey-cha.infd.edu.ar\/sitio\/wp-json\/wp\/v2\/pages\/1865\/revisions\/3965"}],"wp:attachment":[{"href":"https:\/\/ispsfrey-cha.infd.edu.ar\/sitio\/wp-json\/wp\/v2\/media?parent=1865"}],"curies":[{"name":"wp","href":"https:\/\/api.w.org\/{rel}","templated":true}]}}