{"id":1861,"date":"2019-04-26T11:55:52","date_gmt":"2019-04-26T14:55:52","guid":{"rendered":"https:\/\/ispsfrey-cha.infd.edu.ar\/sitio\/?page_id=1861"},"modified":"2025-04-21T21:06:54","modified_gmt":"2025-04-22T00:06:54","slug":"equivalencias","status":"publish","type":"page","link":"https:\/\/ispsfrey-cha.infd.edu.ar\/sitio\/equivalencias\/","title":{"rendered":"EQUIVALENCIAS"},"content":{"rendered":"<p><span style=\"color: #ff0000;\"><span style=\"color: #000000;\">El per\u00edodo de presentaci\u00f3n de <\/span>\u00a0<strong>Solicitud de EQUIVALENCIAS<\/strong> <span style=\"color: #000000;\">est\u00e1 abierto hasta el 09 de mayo de 2025. Los alumnos <\/span><\/span><span style=\"color: #000000;\">que soliciten Equivalencias deben hacerlo en Sector ALUMNADO, en caso de necesitar asesoramiento con su bedel de carrera.<\/span><\/p>\n<p><span style=\"color: #000000;\">La documentaci\u00f3n requerida que debe adjuntarse:<\/span><\/p>\n<ol>\n<li><span style=\"color: #000000;\">Presentaci\u00f3n <b><a href=\"https:\/\/drive.google.com\/drive\/folders\/17cVr4if3wo6u8sPudlsGyZ4dLmvyq_V3?usp=sharing\">FORMULARIO<\/a> <\/b>nota por a\u00f1o (un formulario por cada a\u00f1o.\u00a0<\/span><\/li>\n<li><span style=\"color: #000000;\">Constancia de materias aprobadas\/Anal\u00edtico.<\/span><\/li>\n<li><span style=\"color: #000000;\">Programas. (No es necesario presentar entre carreras vigentes dentro de la instituci\u00f3n, y no se otorgan equivalencias con m\u00e1s de 8 a\u00f1os de cursado).<\/span><\/li>\n<\/ol>\n<p><span style=\"color: #000000;\">En el caso de aquellos <span style=\"color: #800080;\">alumnos que hayan <strong>presentado la solicitud en a\u00f1os anteriores<\/strong><\/span>, deben <strong><span style=\"color: #ff0000;\">presentar una nota<\/span> <\/strong>dando aviso de las unidades curriculares que corresponden al presente ciclo lectivo.<\/span><\/p>\n<hr \/>\n\n\n<p><\/p>\n","protected":false},"excerpt":{"rendered":"<p>El per\u00edodo de presentaci\u00f3n de \u00a0Solicitud de EQUIVALENCIAS est\u00e1 abierto hasta el 09 de mayo de 2025. Los alumnos que soliciten Equivalencias deben hacerlo en Sector ALUMNADO, en caso de necesitar asesoramiento con su bedel de carrera. La documentaci\u00f3n requerida que debe adjuntarse: Presentaci\u00f3n FORMULARIO nota por a\u00f1o (un formulario por cada a\u00f1o.\u00a0 Constancia de &#8230; <a title=\"EQUIVALENCIAS\" class=\"read-more\" href=\"https:\/\/ispsfrey-cha.infd.edu.ar\/sitio\/equivalencias\/\" aria-label=\"More on EQUIVALENCIAS\">[+]<\/a><\/p>\n","protected":false},"author":197,"featured_media":0,"parent":0,"menu_order":0,"comment_status":"closed","ping_status":"closed","template":"","meta":[],"acf":[],"_links":{"self":[{"href":"https:\/\/ispsfrey-cha.infd.edu.ar\/sitio\/wp-json\/wp\/v2\/pages\/1861"}],"collection":[{"href":"https:\/\/ispsfrey-cha.infd.edu.ar\/sitio\/wp-json\/wp\/v2\/pages"}],"about":[{"href":"https:\/\/ispsfrey-cha.infd.edu.ar\/sitio\/wp-json\/wp\/v2\/types\/page"}],"author":[{"embeddable":true,"href":"https:\/\/ispsfrey-cha.infd.edu.ar\/sitio\/wp-json\/wp\/v2\/users\/197"}],"replies":[{"embeddable":true,"href":"https:\/\/ispsfrey-cha.infd.edu.ar\/sitio\/wp-json\/wp\/v2\/comments?post=1861"}],"version-history":[{"count":17,"href":"https:\/\/ispsfrey-cha.infd.edu.ar\/sitio\/wp-json\/wp\/v2\/pages\/1861\/revisions"}],"predecessor-version":[{"id":4542,"href":"https:\/\/ispsfrey-cha.infd.edu.ar\/sitio\/wp-json\/wp\/v2\/pages\/1861\/revisions\/4542"}],"wp:attachment":[{"href":"https:\/\/ispsfrey-cha.infd.edu.ar\/sitio\/wp-json\/wp\/v2\/media?parent=1861"}],"curies":[{"name":"wp","href":"https:\/\/api.w.org\/{rel}","templated":true}]}}