{"id":1546,"date":"2018-11-26T17:39:16","date_gmt":"2018-11-26T20:39:16","guid":{"rendered":"https:\/\/ispsfrey-cha.infd.edu.ar\/sitio\/?page_id=1546"},"modified":"2026-03-30T10:21:18","modified_gmt":"2026-03-30T13:21:18","slug":"reprogramacion-de-mesas","status":"publish","type":"page","link":"https:\/\/ispsfrey-cha.infd.edu.ar\/sitio\/reprogramacion-de-mesas\/","title":{"rendered":"FECHAS DE MESAS"},"content":{"rendered":"<h4><span style=\"color: #000000;\"><strong>Recuerden verificar la informaci\u00f3n relacionada con la unidad curricular\/espacio que van a rendir <span style=\"color: #ff0000;\">antes del EXAMEN<\/span> ya que podr\u00edan surgir modificaciones.<\/strong><\/span><\/h4>\n<h2 style=\"text-align: center;\"><span style=\"color: #339966;\"><em><strong>TURNOS Marzo 2026<\/strong><\/em><\/span><\/h2>\n<p>Las <span style=\"color: #ff0000;\"><strong>mesas de ex\u00e1menes del 23\/03\/2026 pasan al 26\/03.<\/strong><\/span><\/p>\n<p>Las <span style=\"color: #ff0000;\"><strong>mesas de ex\u00e1menes del 24\/03\/2026 pasan al 27\/03.<\/strong><\/span><\/p>\n<pre><span style=\"color: #800080;\"><strong>PROFESORADO en INGL\u00c9S<\/strong><\/span><\/pre>\n<div>\n<div>\n<div class=\"yiv1716854979gmail_default\">\n<div><b>Profesorado para la Educaci\u00f3n Secundaria en Ingl\u00e9s<\/b><\/div>\n<div>\n<div>\n<div class=\"yiv3099555726gmail_default\">Filosof\u00eda- 4to a\u00f1o &#8211; Martes 10 de marzo 8 hs. &#8211;<\/div>\n<div class=\"yiv3099555726gmail_default\">\u00a0<\/div>\n<div class=\"yiv3099555726gmail_default\"><b>Profesorado para la Educaci\u00f3n Superior en Ingl\u00e9s<br class=\"yiv3099555726gmail-Apple-interchange-newline\" \/><\/b><\/div>\n<p><span class=\"yiv3099555726gmail_default\">*<\/span><span style=\"font-size: revert;\">Segunda Lengua Extranjera Franc\u00e9s &#8211; 4to a\u00f1o &#8211; Martes 10 de marzo 16 hs.<\/span><\/p>\n<div class=\"yiv8636519566gmail_default\">\u00a0<\/div>\n<\/div>\n<div>\u00a0<\/div>\n<\/div>\n<\/div>\n<div class=\"yiv1716854979gmail_default\">\n<div>\u00a0<\/div>\n<\/div>\n<\/div>\n<div>\n<pre><strong style=\"color: #800080; background-color: rgba(0, 0, 0, 0.05); font-family: inherit; font-size: inherit;\">Profesorado en FRANC\u00c9S<\/strong><\/pre>\n<\/div>\n<\/div>\n<div>\n<div>&#8211;\u00a0<\/div>\n<\/div>\n<pre><strong style=\"color: #800080; background-color: rgba(0, 0, 0, 0.05); font-family: inherit; font-size: inherit;\">PROFESORADO en PORTUGU\u00c9S\n<\/strong><\/pre>\n<div>\n<div>&#8211;\u00a0\u00abSujeto de la Educ Inicial y Primaria\u00bb, pautada para el 19\/03, s\u00f3lo la Comisi\u00f3n del Prof. Portugu\u00e9s, pasa al d\u00eda 26\/03, a las 16:00 hs<b>.<\/b><b><\/b><\/div>\n<div>\u00a0<\/div>\n<\/div>\n<div>\u00a0<\/div>\n<pre><span style=\"color: #800080;\"><strong>PROFESORADO en MATEM\u00c1TICA<\/strong><\/span><\/pre>\n<p>* Geometr\u00eda proyectiva, plan cerrado, pasa al 27 de marzo, 8 hs. Presidente Monza Aramburu Merlina.<\/p>\n<p>*SUJETO DE LA EDUCACION SECUNDARIA, 1er a\u00f1o Comisi\u00f3n D &#8211; presidente de mesa Nu\u00f1ez Diana, pasa al 26\/3 a las 08 h.<\/p>\n<p>*Pr\u00e1ctica docente 2, comisi\u00f3n A, turno ma\u00f1ana, presidente de mesa Pavon Diana Patricia. Pasa al mi\u00e9rcoles 4 a las 8 hs. Solo esa comisi\u00f3n.<\/p>\n<p>* Filosofia- 2do a\u00f1o com A y B &#8211; Profesorado Para la Educaci\u00f3n Secundaria en matem\u00e1ticas- pasa al 5 de marzo 16 hs. Presidente Sis\u00ed, Silvia <br \/>* Sujeto de la Educaci\u00f3n Secundaria- 1er a\u00f1o, comisi\u00f3n D, -profesorado para la Educaci\u00f3n Secundaria en matem\u00e1ticas &#8211; Presidente Nu\u00f1ez Diana, pasa al 8 de marzo a las 16 hs.<\/p>\n<pre><span style=\"color: #800080;\"><strong>PROFESORADO en LENGUA Y LITERATURA<\/strong><\/span><\/pre>\n<p>&#8211; TALLER de Lectura, Escritura y Oralidad, 2do a\u00f1o, Com. B. ha sido reprogramada para el d\u00eda 25 \/03\/2026 a las 08:00 h. Tribunal: Presidente: Prof. Martinez, Sabrina Integrante: Prof. Monzon, Patricia Integrante: Prof. Rodriguez, Griselda<\/p>\n<p>&#8211; An\u00e1lisis del Discurso, 2do a\u00f1o, Com. B. ha sido reprogramada para el d\u00eda 20 \/03\/2026 a las 16:00 hs. Tribunal: Presidente: Prof. Mart\u00ednez, Marcela Integrante: Prof. Chaparro Lidia. Integrante: Prof. Vazquez, Cora<\/p>\n<p>&#8211; Did\u00e1ctica de la Literatura; Curso,3ro; Com.B del d\u00eda 04 \/03\/2026 ha sido reprogramada a las 16:00 hs.<br \/>Tribunal: Presidente: Prof. Eva Benitez; integrantes: Prof. Arzamendia, Ileana Andrea y Prof. Castillo, Jorge<\/p>\n<pre><span style=\"color: #800080;\"><strong>PROFESORADO de EE en SORDOS E HIPOAC\u00daSICOS<\/strong><\/span><b style=\"background-color: #ffffff;\">\n<\/b><\/pre>\n<p>&#8211; Bases psiconeurobiol\u00f3gicas del desarrollo\u00a0 de 1\u00b0 a\u00f1o Com \u00abA y B\u00bb,a cargo de la Prof. Morales Sonia\u00a0 se reprograma para el d\u00eda 12 \/ 03 a las 8 hs-1\u00b0Turno(Prof.Sordos).<\/p>\n<pre><span style=\"color: #800080;\"><strong><br \/>PROFESORADO de EE en INTELECTUALES\n<\/strong><\/span><\/pre>\n<div>\n<div class=\"I_ZkbNhI D_FY W_6D6F\" data-test-id=\"message-view-body\">\n<div class=\"msg-body P_wpofO mq_AS\" data-test-id=\"message-view-body-content\">\n<div class=\"I_ZkbNhI D_FY W_6D6F\" data-test-id=\"message-view-body\">\n<div class=\"msg-body P_wpofO mq_AS\" data-test-id=\"message-view-body-content\">\n<div class=\"jb_0 X_6MGW N_6Fd5\">\n<div id=\"yiv7882289858\">\n<div dir=\"ltr\">\n<div class=\"I_ZkbNhI D_FY W_6D6F\" data-test-id=\"message-view-body\">\n<div class=\"msg-body P_wpofO mq_AS\" data-test-id=\"message-view-body-content\">\n<div class=\"jb_0 X_6MGW N_6Fd5\">\n<div>&#8211; Unidad Curricular: Historia y Pol\u00edtica de la Educaci\u00f3n Latinoamericana, Argentina y Chaque\u00f1a.<br \/>Curso: 3er a\u00f1o, com \u00bb A\u00bb <br \/>Modalidad: Libre <br \/>Presidente: Erick Shoenburg.<br \/>Integrantes: Andrea Solari y Alicia Urbanovich<br \/>Fecha: 31\/ 03\/ 2026 <br \/>Hora: 15y30h<\/div>\n<div>\u00a0<\/div>\n<\/div>\n<\/div>\n<\/div>\n<\/div>\n<\/div>\n<\/div>\n<\/div>\n<\/div>\n<\/div>\n<\/div>\n<\/div>\n<div class=\"gs\">\n<pre><span style=\"color: #800080;\"><strong>PROFESORADO en BIBLIOTECOLOG\u00cdA<\/strong><\/span><\/pre>\n<\/div>\n<p>&#8211; Te<\/p>\n\n\n<p><\/p>\n\n\n\n<p><\/p>\n\n\n\n<p><\/p>\n\n\n\n<p><\/p>\n\n\n\n<p><\/p>\n\n\n\n<p><\/p>\n","protected":false},"excerpt":{"rendered":"<p>Recuerden verificar la informaci\u00f3n relacionada con la unidad curricular\/espacio que van a rendir antes del EXAMEN ya que podr\u00edan surgir modificaciones. TURNOS Marzo 2026 Las mesas de ex\u00e1menes del 23\/03\/2026 pasan al 26\/03. Las mesas de ex\u00e1menes del 24\/03\/2026 pasan al 27\/03. PROFESORADO en INGL\u00c9S Profesorado para la Educaci\u00f3n Secundaria en Ingl\u00e9s Filosof\u00eda- 4to a\u00f1o &#8230; <a title=\"FECHAS DE MESAS\" class=\"read-more\" href=\"https:\/\/ispsfrey-cha.infd.edu.ar\/sitio\/reprogramacion-de-mesas\/\" aria-label=\"More on FECHAS DE MESAS\">[+]<\/a><\/p>\n","protected":false},"author":7,"featured_media":0,"parent":0,"menu_order":0,"comment_status":"closed","ping_status":"closed","template":"","meta":[],"acf":[],"_links":{"self":[{"href":"https:\/\/ispsfrey-cha.infd.edu.ar\/sitio\/wp-json\/wp\/v2\/pages\/1546"}],"collection":[{"href":"https:\/\/ispsfrey-cha.infd.edu.ar\/sitio\/wp-json\/wp\/v2\/pages"}],"about":[{"href":"https:\/\/ispsfrey-cha.infd.edu.ar\/sitio\/wp-json\/wp\/v2\/types\/page"}],"author":[{"embeddable":true,"href":"https:\/\/ispsfrey-cha.infd.edu.ar\/sitio\/wp-json\/wp\/v2\/users\/7"}],"replies":[{"embeddable":true,"href":"https:\/\/ispsfrey-cha.infd.edu.ar\/sitio\/wp-json\/wp\/v2\/comments?post=1546"}],"version-history":[{"count":580,"href":"https:\/\/ispsfrey-cha.infd.edu.ar\/sitio\/wp-json\/wp\/v2\/pages\/1546\/revisions"}],"predecessor-version":[{"id":4902,"href":"https:\/\/ispsfrey-cha.infd.edu.ar\/sitio\/wp-json\/wp\/v2\/pages\/1546\/revisions\/4902"}],"wp:attachment":[{"href":"https:\/\/ispsfrey-cha.infd.edu.ar\/sitio\/wp-json\/wp\/v2\/media?parent=1546"}],"curies":[{"name":"wp","href":"https:\/\/api.w.org\/{rel}","templated":true}]}}