{"id":1238,"date":"2018-08-22T14:41:17","date_gmt":"2018-08-22T17:41:17","guid":{"rendered":"https:\/\/ispsfrey-cha.infd.edu.ar\/sitio\/sordos-e-hipoacusicos\/"},"modified":"2024-05-10T10:41:56","modified_gmt":"2024-05-10T13:41:56","slug":"sordos-e-hipoacusicos","status":"publish","type":"page","link":"https:\/\/ispsfrey-cha.infd.edu.ar\/sitio\/sordos-e-hipoacusicos\/","title":{"rendered":"SORDOS E HIPOACUSICOS"},"content":{"rendered":"<p>La carrera tiene una duraci\u00f3n de 5 a\u00f1os acad\u00e9micos y otorga el t\u00edtulo de Profesor\/a de Educaci\u00f3n Superior en Educaci\u00f3n Especial con orientaci\u00f3n en \u00a0Sordos e Hipoac\u00fasicos (Validez Nacional).<\/p>\n<p>Teniendo como formaci\u00f3n inicial la finalidad \u00a0de que los futuros docentes adquieran propuestas educativas que aspiren a alcanzar la superaci\u00f3n de barreras comunicacionales y pleno acceso al conocimiento y a la formaci\u00f3n de pensamiento propio y cr\u00edtico de los ni\u00f1os, j\u00f3venes y adultos sordos e hipoac\u00fasicos planificando, conduciendo, evaluando y orientando los\u00a0 \u00a0procesos de dichos estudiantes considerando las necesidades educativas individuales y sociales del sujeto para el que se forma, interviniendo en los diferentes niveles de escolaridad, ya sea en el \u00e1mbito de la escuela especial o com\u00fan.<\/p>\n<p>La formaci\u00f3n acad\u00e9mica recibida permite al futuro profesional docente \u00a0desempe\u00f1arse\u00a0 como\u00a0 maestro\u00a0 de\u00a0 grado\u00a0 en\u00a0 las\u00a0 escuelas\u00a0 de\u00a0 educaci\u00f3n especial para ni\u00f1os, j\u00f3venes y adultos sordos del \u00e1mbito estatal o privado ,en las escuelas de atenci\u00f3n m\u00faltiple, en las escuelas de educaci\u00f3n secundaria como profesor en Lengua de se\u00f1as Argentina, y en el nivel superior en las unidades curriculares del campo espec\u00edfico de la carrera.<\/p>\n<p>Propiciando\u00a0 un trabajo coordinado y colaborativo con las escuelas asociadas de Educaci\u00f3n Especial destinadas a la atenci\u00f3n de ni\u00f1os,\u00a0 j\u00f3venes\u00a0 y\u00a0 adultos\u00a0 sordos,\u00a0 como\u00a0 as\u00ed\u00a0 tambi\u00e9n\u00a0 con\u00a0 aquellas\u00a0 instituciones inclusivas \u00a0en los distintos niveles y modalidades; en espacios alternativos de educaci\u00f3n que acercan a los futuros docentes a diferentes contextos de injerencia de la educaci\u00f3n especial.<\/p>\n<p id=\"h.p_z9lqurBymHKg\" class=\"zfr3Q\"><strong>Primer a\u00f1o<\/strong><\/p>\n<p id=\"h.p_DiRu3cxIMYLQ\" class=\"zfr3Q\">Pedagog\u00eda<\/p>\n<p id=\"h.p_m7qBxTFiMYLS\" class=\"zfr3Q\">Alfabetizaci\u00f3n Acad\u00e9mica<\/p>\n<p id=\"h.p_rTuTb5FnMYLT\" class=\"zfr3Q\">Did\u00e1ctica General<\/p>\n<p id=\"h.p_53_YmQw_MYLV\" class=\"zfr3Q\">Bases Neuropsicobiol\u00f3gicas del Desarrollo<\/p>\n<p id=\"h.p_PsYmBckbMYLX\" class=\"zfr3Q\">Problem\u00e1tica Contempor\u00e1nea de la Ed. Especial<\/p>\n<p id=\"h.p_8Cd-voSjMYLY\" class=\"zfr3Q\">Lengua y Literatura<\/p>\n<p id=\"h.p_kGTOe60IMYLa\" class=\"zfr3Q\">Matem\u00e1tica<\/p>\n<p id=\"h.p_Wu69r48lMYLb\" class=\"zfr3Q\">Comunicaci\u00f3n, Lenguaje y sus Alteraciones<\/p>\n<p id=\"h.p_3-jJaNVmMYLd\" class=\"zfr3Q\">Introducci\u00f3n a la Lengua de Se\u00f1as Argentina<\/p>\n<p id=\"h.p_WDp_FXTJMYLf\" class=\"zfr3Q\">Pr\u00e1ctica Docente I<\/p>\n<p id=\"h.p_g8z51kTPMYLg\" class=\"zfr3Q\"><strong>Segundo a\u00f1o<\/strong><\/p>\n<p id=\"h.p_-Smr5ZLtMYLi\" class=\"zfr3Q\">Psicolog\u00eda Educacional<\/p>\n<p id=\"h.p_ERPPM0pQMYLm\" class=\"zfr3Q\">Cultura y Lengua Originaria<\/p>\n<p id=\"h.p_kDSVWvTIMYLo\" class=\"zfr3Q\">Did\u00e1ctica de la Lengua y La Literatura<\/p>\n<p id=\"h.p_7JGYZOkZMYLq\" class=\"zfr3Q\">Did\u00e1ctica de la Matem\u00e1tica<\/p>\n<p id=\"h.p_Ql0T9Rs8MYLr\" class=\"zfr3Q\">Ciencias Naturales y Su Did\u00e1ctica<\/p>\n<p id=\"h.p_CG47fL0-MYLt\" class=\"zfr3Q\">Ciencias Sociales y Su Did\u00e1ctica<\/p>\n<p id=\"h.p_U_1AqDGJMYLu\" class=\"zfr3Q\">El Sujeto de la Educaci\u00f3n Inicial y Primaria en Contextos Socioculturales Diversos<\/p>\n<p id=\"h.p_-KoGpRs5MYLw\" class=\"zfr3Q\">Legua de Se\u00f1as Argentina I<\/p>\n<p id=\"h.p_gv_aAGCkMYLx\" class=\"zfr3Q\">Practica II<\/p>\n<p id=\"h.p_1_MGuC57MYLz\" class=\"zfr3Q\"><strong>Tercer a\u00f1o<\/strong><\/p>\n<p id=\"h.p_IotH4bMdMYL1\" class=\"zfr3Q\">Sociolog\u00eda de la Educaci\u00f3n<\/p>\n<p id=\"h.p_hSW2sinZMYL5\" class=\"zfr3Q\">Historia y Pol\u00edtica de la Educaci\u00f3n Latinoamericana, Argentina y Chaque\u00f1a<\/p>\n<p id=\"h.p_3tb8laV8MYL7\" class=\"zfr3Q\">Tecnolog\u00eda de la Informaci\u00f3n y de La Comunicaci\u00f3n<\/p>\n<p id=\"h.p_-wyIqlQmMYL-\" class=\"zfr3Q\">Problem\u00e1tica de la Subjetividad y Discapacidad<\/p>\n<p id=\"h.p_odF5za6kMYL_\" class=\"zfr3Q\">Aprendizajes y Abordajes Pedag\u00f3gicos de los Sordos<\/p>\n<p id=\"h.p_tx-y3vlKMYMB\" class=\"zfr3Q\">Educaci\u00f3n Psicomotriz<\/p>\n<p id=\"h.p_tzMbjZ3eMYMC\" class=\"zfr3Q\">Abordaje Pedag\u00f3gico Did\u00e1ctico del Espa\u00f1ol Escrito en el Sordo e Hipoac\u00fasico<\/p>\n<p id=\"h.p_a0W0NAEJMYME\" class=\"zfr3Q\">Aprendizaje en los Sujetos de la Educaci\u00f3n Especial I<\/p>\n<p id=\"h.p_LJLiBjpoMYMF\" class=\"zfr3Q\">Lengua De Se\u00f1as Argentinas II<\/p>\n<p id=\"h.p_2Jo0pOWeMYMH\" class=\"zfr3Q\">Practica III<\/p>\n<p id=\"h.p_AY1nm3WvMYMJ\" class=\"zfr3Q\"><strong>Cuarto a\u00f1o<\/strong><\/p>\n<p id=\"h.p_wsmzKHnXMYMK\" class=\"zfr3Q\">Formaci\u00f3n En DDHH, \u00c9tica y Ciudadan\u00eda<\/p>\n<p id=\"h.p_3miJKE-XMYMM\" class=\"zfr3Q\">Filosof\u00eda<\/p>\n<p id=\"h.p_NY0Zj6uJMYMP\" class=\"zfr3Q\">Tic Aplicada a la Educaci\u00f3n Especial<\/p>\n<p id=\"h.p_fM8GJmi7MYMS\" class=\"zfr3Q\">Formaci\u00f3n Laboral e Inserci\u00f3n Social de los Sujetos con Discapacidad<\/p>\n<p id=\"h.p_Dnh71dhuMYMU\" class=\"zfr3Q\">Integraci\u00f3n Escolar<\/p>\n<p id=\"h.p_x7s2qtH2MYMV\" class=\"zfr3Q\">El Arte en la Educaci\u00f3n Especial I: Expresi\u00f3n Corporal<\/p>\n<p id=\"h.p__fGycU9cMYMX\" class=\"zfr3Q\">El Arte en la Educaci\u00f3n Especial II: Artes Visuales<\/p>\n<p id=\"h.p_cStgdahmMYMe\" class=\"zfr3Q\">Lengua De Se\u00f1as III<\/p>\n<p id=\"h.p_FKHaSLdZMYMh\" class=\"zfr3Q\">Practica IV<\/p>\n<p id=\"h.p_aOhYB9wAMYMj\" class=\"zfr3Q\"><strong>Quinto a\u00f1o<\/strong><\/p>\n<p id=\"h.p_Qyq7DALXMYMp\" class=\"zfr3Q\">Psicolog\u00eda de la Formaci\u00f3n<\/p>\n<p id=\"h.p_gbLTzqpAMYMx\" class=\"zfr3Q\">Did\u00e1ctica del Nivel Superior<\/p>\n<p id=\"h.p_k0iXbP2kMYMz\" class=\"zfr3Q\">Investigaci\u00f3n en Educaci\u00f3n Especial<\/p>\n<p id=\"h.p_Yly5jHtbMYM1\" class=\"zfr3Q\">Sujetos de la Educaci\u00f3n Secundaria y Superior en Contextos Socioculturales Diversos<\/p>\n<p id=\"h.p_Eye561dOMYM3\" class=\"zfr3Q\">Lengua de Se\u00f1as y Comunidades de Personas Sordas<\/p>\n<p id=\"h.p_jKwU6ip-MYM9\" class=\"zfr3Q\">Practica V \u2013 Residencia<\/p>\n","protected":false},"excerpt":{"rendered":"<p>La carrera tiene una duraci\u00f3n de 5 a\u00f1os acad\u00e9micos y otorga el t\u00edtulo de Profesor\/a de Educaci\u00f3n Superior en Educaci\u00f3n Especial con orientaci\u00f3n en \u00a0Sordos e Hipoac\u00fasicos (Validez Nacional). Teniendo como formaci\u00f3n inicial la finalidad \u00a0de que los futuros docentes adquieran propuestas educativas que aspiren a alcanzar la superaci\u00f3n de barreras comunicacionales y pleno acceso &#8230; <a title=\"SORDOS E HIPOACUSICOS\" class=\"read-more\" href=\"https:\/\/ispsfrey-cha.infd.edu.ar\/sitio\/sordos-e-hipoacusicos\/\" aria-label=\"More on SORDOS E HIPOACUSICOS\">[+]<\/a><\/p>\n","protected":false},"author":7,"featured_media":0,"parent":0,"menu_order":0,"comment_status":"closed","ping_status":"closed","template":"","meta":[],"acf":[],"_links":{"self":[{"href":"https:\/\/ispsfrey-cha.infd.edu.ar\/sitio\/wp-json\/wp\/v2\/pages\/1238"}],"collection":[{"href":"https:\/\/ispsfrey-cha.infd.edu.ar\/sitio\/wp-json\/wp\/v2\/pages"}],"about":[{"href":"https:\/\/ispsfrey-cha.infd.edu.ar\/sitio\/wp-json\/wp\/v2\/types\/page"}],"author":[{"embeddable":true,"href":"https:\/\/ispsfrey-cha.infd.edu.ar\/sitio\/wp-json\/wp\/v2\/users\/7"}],"replies":[{"embeddable":true,"href":"https:\/\/ispsfrey-cha.infd.edu.ar\/sitio\/wp-json\/wp\/v2\/comments?post=1238"}],"version-history":[{"count":1,"href":"https:\/\/ispsfrey-cha.infd.edu.ar\/sitio\/wp-json\/wp\/v2\/pages\/1238\/revisions"}],"predecessor-version":[{"id":4262,"href":"https:\/\/ispsfrey-cha.infd.edu.ar\/sitio\/wp-json\/wp\/v2\/pages\/1238\/revisions\/4262"}],"wp:attachment":[{"href":"https:\/\/ispsfrey-cha.infd.edu.ar\/sitio\/wp-json\/wp\/v2\/media?parent=1238"}],"curies":[{"name":"wp","href":"https:\/\/api.w.org\/{rel}","templated":true}]}}