{"id":1232,"date":"2018-08-22T14:41:15","date_gmt":"2018-08-22T17:41:15","guid":{"rendered":"https:\/\/ispsfrey-cha.infd.edu.ar\/sitio\/frances-2\/"},"modified":"2024-05-10T11:24:02","modified_gmt":"2024-05-10T14:24:02","slug":"frances-2","status":"publish","type":"page","link":"https:\/\/ispsfrey-cha.infd.edu.ar\/sitio\/frances-2\/","title":{"rendered":"FRANC\u00c9S"},"content":{"rendered":"<p>El <em>Profesorado para la Educaci\u00f3n Secundaria en Franc\u00e9s<\/em> es una carrera docente de cuatro a\u00f1os de duraci\u00f3n, con t\u00edtulo de validez nacional, que te permite trabajar en distintos niveles del sistema educativo argentino.<\/p>\n<p>Te ofrecemos una educaci\u00f3n de calidad que abre las puertas a un mundo de posibilidades. Es una Carrera con gran salida laboral y acceso a becas que permitir\u00e1n ampliar tus horizontes\u2026<\/p>\n<p id=\"h.p_z9lqurBymHKg\" class=\"zfr3Q\"><strong>Primer a\u00f1o<\/strong><\/p>\n<p id=\"h.p_ULjD58BSGQhL\" class=\"zfr3Q\">Tecnolog\u00eda de la Informaci\u00f3n y la Comunicaci\u00f3n en Educaci\u00f3n<\/p>\n<p id=\"h.p_aHaxj4xRGQhP\" class=\"zfr3Q\">Pedagog\u00eda<\/p>\n<p id=\"h.p_M1R-fugRGQhT\" class=\"zfr3Q\">Introducci\u00f3n a la Alfabetizaci\u00f3n Acad\u00e9mica<\/p>\n<p id=\"h.p_JVq9sm9RGQhW\" class=\"zfr3Q\">Lengua y Gram\u00e1tica de la Lengua Extranjera I<\/p>\n<p id=\"h.p_4GKg-0tKGQhY\" class=\"zfr3Q\">Fon\u00e9tica y Fonolog\u00eda de la Lengua Extranjera I<\/p>\n<p id=\"h.p_Zwh-bTJSGQha\" class=\"zfr3Q\">Cultura de los Pueblos de la Lengua Extranjera I<\/p>\n<p id=\"h.p_43KBVZIpGQhd\" class=\"zfr3Q\">Pr\u00e1ctica Discursiva I<\/p>\n<p id=\"h.p_QkEFmielGQhf\" class=\"zfr3Q\">Pr\u00e1ctica Docente I<\/p>\n<p id=\"h.p_XQ8oLzEGGQhh\" class=\"zfr3Q\"><strong>Segundo a\u00f1o<\/strong><\/p>\n<p id=\"h.p_Mxdnd3ChGQhl\" class=\"zfr3Q\">Psicolog\u00eda Educacional<\/p>\n<p id=\"h.p_c2vY4j4uGQhn\" class=\"zfr3Q\">Did\u00e1ctica General<\/p>\n<p id=\"h.p_y40mlrsAGQhp\" class=\"zfr3Q\">Lengua y Gram\u00e1tica de la Lengua Extranjera II<\/p>\n<p id=\"h.p_YofcahPSGQhr\" class=\"zfr3Q\">Fon\u00e9tica y Fonolog\u00eda de la Lengua Extranjera II<\/p>\n<p id=\"h.p_YS4mIgglGQht\" class=\"zfr3Q\">Did\u00e1ctica Especial del Franc\u00e9s I<\/p>\n<p id=\"h.p_PGhbdP20GQhu\" class=\"zfr3Q\">Cultura de los Pueblos de la Lengua Extranjera II<\/p>\n<p id=\"h.p_JmwRnegvGQhx\" class=\"zfr3Q\">Pr\u00e1cticas Discursivas II<\/p>\n<p id=\"h.p_Zp7QGs8CGQhy\" class=\"zfr3Q\">Ling\u00fc\u00edstica y Adquisici\u00f3n del Lenguaje<\/p>\n<p id=\"h.p_F1f6i0jVGQh0\" class=\"zfr3Q\">Sujeto de la Educaci\u00f3n Inicial y Primaria en contextos socioculturales diversos<\/p>\n<p id=\"h.p_H6M9mpOtGQh2\" class=\"zfr3Q\">Pr\u00e1ctica Docente II<\/p>\n<p id=\"h.p_WhYGIIlLGQh4\" class=\"zfr3Q\"><strong>Tercer a\u00f1o<\/strong><\/p>\n<p id=\"h.p_qNvGJHhCGQh6\" class=\"zfr3Q\">Sociolog\u00eda de la Educaci\u00f3n<\/p>\n<p id=\"h.p_k0vsg2_OGQh8\" class=\"zfr3Q\">Historia Social y Pol\u00edtica de la Educaci\u00f3n Latinoamericana, Argentina y Chaque\u00f1a<\/p>\n<p id=\"h.p_ZbVd2yp2GQiB\" class=\"zfr3Q\">Lenguaje corporal y dram\u00e1tico<\/p>\n<p id=\"h.p_j_LF9Y0WGQiD\" class=\"zfr3Q\">Lengua y Gram\u00e1tica de la Lengua Extrajera III<\/p>\n<p id=\"h.p_-2VyMTjQGQiI\" class=\"zfr3Q\">Fon\u00e9tica y Fonolog\u00eda de la Lengua Extranjera III<\/p>\n<p id=\"h.p__xEgLL2tGQiK\" class=\"zfr3Q\">Practicas Discursivas III<\/p>\n<p id=\"h.p_3IVAM6ErGQiM\" class=\"zfr3Q\">Cultura de los Pueblos de la Lengua Extranjera III<\/p>\n<p id=\"h.p_P0Wy6mPMGQiO\" class=\"zfr3Q\">Did\u00e1ctica Especial del Franc\u00e9s II<\/p>\n<p id=\"h.p_7FvdIEb4GQiQ\" class=\"zfr3Q\">Sujeto de la Educaci\u00f3n Secundaria en contextos socioculturales diversos<\/p>\n<p id=\"h.p_NFbKr7VCGQiT\" class=\"zfr3Q\">Practica Docente III<\/p>\n<p id=\"h.p_uMOZPpxSGQiX\" class=\"zfr3Q\"><strong>Cuarto a\u00f1o<\/strong><\/p>\n<p id=\"h.p_4lqfIJcqGQiZ\" class=\"zfr3Q\">UDI: Lengua de Se\u00f1as \/ Lengua originaria \/ interculturalidad<\/p>\n<p id=\"h.p_GKlGxaxKGQic\" class=\"zfr3Q\">Formaci\u00f3n en \u00c9tica, Derechos Humanos y Ciudadan\u00eda<\/p>\n<p id=\"h.p_MHxyIrmKGQie\" class=\"zfr3Q\">Filosof\u00eda<\/p>\n<p id=\"h.p_6Ix9csIKGQih\" class=\"zfr3Q\">Lengua y Gram\u00e1tica de la Lengua Extranjera IV<\/p>\n<p id=\"h.p_tW2hPiJZGQik\" class=\"zfr3Q\">Fon\u00e9tica y Fonolog\u00eda de la Lengua Extranjera IV<\/p>\n<p id=\"h.p_YSA4H78OGQin\" class=\"zfr3Q\">Cultura de la Lengua Extranjera IV<\/p>\n<p id=\"h.p_bDKEwKEIGQir\" class=\"zfr3Q\">Segunda Lengua Extranjera<\/p>\n<p id=\"h.p_VadwF1KIGQiu\" class=\"zfr3Q\">Socioling\u00fc\u00edstica<\/p>\n<p id=\"h.p_qQB85iTQGQiw\" class=\"zfr3Q\">Practica Docente IV<\/p>\n","protected":false},"excerpt":{"rendered":"<p>El Profesorado para la Educaci\u00f3n Secundaria en Franc\u00e9s es una carrera docente de cuatro a\u00f1os de duraci\u00f3n, con t\u00edtulo de validez nacional, que te permite trabajar en distintos niveles del sistema educativo argentino. Te ofrecemos una educaci\u00f3n de calidad que abre las puertas a un mundo de posibilidades. Es una Carrera con gran salida laboral &#8230; <a title=\"FRANC\u00c9S\" class=\"read-more\" href=\"https:\/\/ispsfrey-cha.infd.edu.ar\/sitio\/frances-2\/\" aria-label=\"More on FRANC\u00c9S\">[+]<\/a><\/p>\n","protected":false},"author":7,"featured_media":0,"parent":0,"menu_order":0,"comment_status":"closed","ping_status":"closed","template":"","meta":[],"acf":[],"_links":{"self":[{"href":"https:\/\/ispsfrey-cha.infd.edu.ar\/sitio\/wp-json\/wp\/v2\/pages\/1232"}],"collection":[{"href":"https:\/\/ispsfrey-cha.infd.edu.ar\/sitio\/wp-json\/wp\/v2\/pages"}],"about":[{"href":"https:\/\/ispsfrey-cha.infd.edu.ar\/sitio\/wp-json\/wp\/v2\/types\/page"}],"author":[{"embeddable":true,"href":"https:\/\/ispsfrey-cha.infd.edu.ar\/sitio\/wp-json\/wp\/v2\/users\/7"}],"replies":[{"embeddable":true,"href":"https:\/\/ispsfrey-cha.infd.edu.ar\/sitio\/wp-json\/wp\/v2\/comments?post=1232"}],"version-history":[{"count":1,"href":"https:\/\/ispsfrey-cha.infd.edu.ar\/sitio\/wp-json\/wp\/v2\/pages\/1232\/revisions"}],"predecessor-version":[{"id":4264,"href":"https:\/\/ispsfrey-cha.infd.edu.ar\/sitio\/wp-json\/wp\/v2\/pages\/1232\/revisions\/4264"}],"wp:attachment":[{"href":"https:\/\/ispsfrey-cha.infd.edu.ar\/sitio\/wp-json\/wp\/v2\/media?parent=1232"}],"curies":[{"name":"wp","href":"https:\/\/api.w.org\/{rel}","templated":true}]}}