{"id":1229,"date":"2018-08-22T14:41:14","date_gmt":"2018-08-22T17:41:14","guid":{"rendered":"https:\/\/ispsfrey-cha.infd.edu.ar\/sitio\/portugues\/"},"modified":"2024-05-10T11:23:11","modified_gmt":"2024-05-10T14:23:11","slug":"portugues","status":"publish","type":"page","link":"https:\/\/ispsfrey-cha.infd.edu.ar\/sitio\/portugues\/","title":{"rendered":"PORTUGU\u00c9S"},"content":{"rendered":"<p>El <em>Profesorado para la Educaci\u00f3n Secundaria en Portugu\u00e9s<\/em> es una carrera docente de cuatro a\u00f1os de duraci\u00f3n, con t\u00edtulo de validez nacional, que te permite trabajar en distintos niveles del sistema educativo argentino.<\/p>\n<p>A lo largo de los cuatro a\u00f1os se cursan materias en portugu\u00e9s y algunas en espa\u00f1ol; adem\u00e1s se aprende otra lengua extranjera (franc\u00e9s, italiano o ingl\u00e9s) y una lengua ind\u00edgena o la Lengua de Se\u00f1as Argentina, como materias optativas.<\/p>\n<p>Se realizan actividades en instituciones educativas a modo de pr\u00e1ctica y se aprende o se perfecciona la lengua portuguesa y las culturas vinculadas a ella.<\/p>\n<p>Adem\u00e1s, se promueven diferentes actividades extracurriculares, como nuestra famosa \u201cFesta Junina\u201d, visitas a museos e instituciones culturales o la participaci\u00f3n en charlas y congresos. Tambi\u00e9n se realizan viajes acad\u00e9micos a ciudades de nuestra provincia, de Argentina y de Brasil\u2026.<\/p>\n<p id=\"h.p_z9lqurBymHKg\" class=\"zfr3Q\"><strong>Primer a\u00f1o<\/strong><\/p>\n<p id=\"h.p_L67r0lj0Gw8F\" class=\"zfr3Q\">Pedagog\u00eda<\/p>\n<p id=\"h.p_zVBg0HIAGw8L\" class=\"zfr3Q\">Introducci\u00f3n a la Alfabetizaci\u00f3n Acad\u00e9mica<\/p>\n<p id=\"h.p_z7lGKRbBGw8N\" class=\"zfr3Q\">Tecnolog\u00edas de la Informaci\u00f3n y la Comunicaci\u00f3n en educaci\u00f3n<\/p>\n<p id=\"h.p_5fnpe9yCGw8Q\" class=\"zfr3Q\">Lengua y Gram\u00e1tica de la Lengua Extranjera I<\/p>\n<p id=\"h.p_zmgMQyoxGw8S\" class=\"zfr3Q\">Fon\u00e9tica y Fonolog\u00eda de la Lengua Extranjera I<\/p>\n<p id=\"h.p_yrT172UOGw8U\" class=\"zfr3Q\">Culturas de los Pueblos de la Lengua Extranjera I<\/p>\n<p id=\"h.p_9qq0om2iGw8X\" class=\"zfr3Q\">Practicas Discursivas I<\/p>\n<p id=\"h.p_gTI5n4V8Gw8a\" class=\"zfr3Q\">Pr\u00e1ctica Docente I<\/p>\n<p id=\"h.p_uK4OLG4XGw8d\" class=\"zfr3Q\"><strong>Segundo a\u00f1o<\/strong><\/p>\n<p id=\"h.p_Osz0lAEGGw8f\" class=\"zfr3Q\">Did\u00e1ctica General<\/p>\n<p id=\"h.p_3LOBWrOyGw8h\" class=\"zfr3Q\">Psicolog\u00eda Educacional<\/p>\n<p id=\"h.p_wJc4_SDRGw8k\" class=\"zfr3Q\">Lengua y Gram\u00e1tica de la Lengua Extranjera II<\/p>\n<p id=\"h.p_krjt_qxTGw8n\" class=\"zfr3Q\">Fon\u00e9tica y Fonolog\u00eda de la Lengua Extranjera II<\/p>\n<p id=\"h.p_nhJXhv6NGw8q\" class=\"zfr3Q\">Did\u00e1ctica Espacial del Portugu\u00e9s I<\/p>\n<p id=\"h.p_KQt3JaVoGw8s\" class=\"zfr3Q\">Culturas de los Pueblos de la Lengua Extranjera II<\/p>\n<p id=\"h.p_EfxLqpB4Gw8v\" class=\"zfr3Q\">Practicas Discursivas II<\/p>\n<p id=\"h.p_aw84HoqWGw8x\" class=\"zfr3Q\">Ling\u00fc\u00edstica y Adquisici\u00f3n del Lenguaje<\/p>\n<p id=\"h.p_JjeVpQcAGw80\" class=\"zfr3Q\">Sujetos de la Educaci\u00f3n Inicial y Primaria en Contextos Socioculturales Diversos<\/p>\n<p id=\"h.p_bd4jBWABGw82\" class=\"zfr3Q\">Pr\u00e1ctica Docente II<\/p>\n<p id=\"h.p_eo_oHSqrGw86\" class=\"zfr3Q\"><strong>Tercer a\u00f1o<\/strong><\/p>\n<p id=\"h.p_cRibPMmLGw88\" class=\"zfr3Q\">Sociolog\u00eda de la Educaci\u00f3n<\/p>\n<p id=\"h.p_JbLxk7TDGw9A\" class=\"zfr3Q\">Historia Social y Pol\u00edtica de la Educaci\u00f3n Argentina y Chaque\u00f1a<\/p>\n<p id=\"h.p_dYXpQbGnGw9D\" class=\"zfr3Q\">Lenguaje Corporal y Dram\u00e1tica<\/p>\n<p id=\"h.p_nSXdwvQxGw9L\" class=\"zfr3Q\">Lengua y Gram\u00e1tica de la Lengua Extranjera III<\/p>\n<p id=\"h.p_qApOAveXGw9N\" class=\"zfr3Q\">Fon\u00e9tica y Fonolog\u00eda de la Lengua Extranjera III<\/p>\n<p id=\"h.p_Z4hE_-xjGw9Q\" class=\"zfr3Q\">Practicas Discursivas III<\/p>\n<p id=\"h.p_WcPQdo53Gw9S\" class=\"zfr3Q\">Culturas de los Pueblos de la Lengua Extranjera III<\/p>\n<p id=\"h.p_tISt3FBTGw9U\" class=\"zfr3Q\">Did\u00e1ctica Espacial del Portugu\u00e9s II<\/p>\n<p id=\"h.p_HX0EUpXqGw9W\" class=\"zfr3Q\">Sujetos de la Educaci\u00f3n Secundaria en Contextos Socioculturales Diversos<\/p>\n<p id=\"h.p_yjzFc6VjGw9Y\" class=\"zfr3Q\">Pr\u00e1ctica Docente III<\/p>\n<p id=\"h.p_Sw3aPgIJGw9b\" class=\"zfr3Q\"><strong>Cuarto a\u00f1o<\/strong><\/p>\n<p id=\"h.p_AZ9Y2Il0Gw9g\" class=\"zfr3Q\">Unidad de Desarrollo Institucional: lengua de Se\u00f1as o Lengua Originaria o Interculturalidad<\/p>\n<p id=\"h.p_zxSZw0b8Gw9i\" class=\"zfr3Q\">Formaci\u00f3n en \u00c9tica, DDHH y Ciudadan\u00eda<\/p>\n<p id=\"h.p_r1v5lXu3Gw9k\" class=\"zfr3Q\">Filosof\u00eda<\/p>\n<p id=\"h.p_ssPJA3frGw9n\" class=\"zfr3Q\">Lengua y Gram\u00e1tica de la Lengua Extranjera IV<\/p>\n<p id=\"h.p_ePd7VZnDGw9p\" class=\"zfr3Q\">Fon\u00e9tica y Fonolog\u00eda de la Lengua Extranjera IV<\/p>\n<p id=\"h.p_0vlByI2FGw9w\" class=\"zfr3Q\">Culturas de los Pueblos de la Lengua Extranjera IV<\/p>\n<p id=\"h.p_tI_gl9g4Gw9x\" class=\"zfr3Q\">Segunda Lengua Extranjera<\/p>\n<p id=\"h.p_ioR4P-dHGw9z\" class=\"zfr3Q\">Socioling\u00fc\u00edstica<\/p>\n<p id=\"h.p_1Q2vjkeUGw91\" class=\"zfr3Q\">Pr\u00e1ctica Docente IV Residencia<\/p>\n","protected":false},"excerpt":{"rendered":"<p>El Profesorado para la Educaci\u00f3n Secundaria en Portugu\u00e9s es una carrera docente de cuatro a\u00f1os de duraci\u00f3n, con t\u00edtulo de validez nacional, que te permite trabajar en distintos niveles del sistema educativo argentino. A lo largo de los cuatro a\u00f1os se cursan materias en portugu\u00e9s y algunas en espa\u00f1ol; adem\u00e1s se aprende otra lengua extranjera &#8230; <a title=\"PORTUGU\u00c9S\" class=\"read-more\" href=\"https:\/\/ispsfrey-cha.infd.edu.ar\/sitio\/portugues\/\" aria-label=\"More on PORTUGU\u00c9S\">[+]<\/a><\/p>\n","protected":false},"author":7,"featured_media":0,"parent":0,"menu_order":0,"comment_status":"closed","ping_status":"closed","template":"","meta":[],"acf":[],"_links":{"self":[{"href":"https:\/\/ispsfrey-cha.infd.edu.ar\/sitio\/wp-json\/wp\/v2\/pages\/1229"}],"collection":[{"href":"https:\/\/ispsfrey-cha.infd.edu.ar\/sitio\/wp-json\/wp\/v2\/pages"}],"about":[{"href":"https:\/\/ispsfrey-cha.infd.edu.ar\/sitio\/wp-json\/wp\/v2\/types\/page"}],"author":[{"embeddable":true,"href":"https:\/\/ispsfrey-cha.infd.edu.ar\/sitio\/wp-json\/wp\/v2\/users\/7"}],"replies":[{"embeddable":true,"href":"https:\/\/ispsfrey-cha.infd.edu.ar\/sitio\/wp-json\/wp\/v2\/comments?post=1229"}],"version-history":[{"count":2,"href":"https:\/\/ispsfrey-cha.infd.edu.ar\/sitio\/wp-json\/wp\/v2\/pages\/1229\/revisions"}],"predecessor-version":[{"id":4263,"href":"https:\/\/ispsfrey-cha.infd.edu.ar\/sitio\/wp-json\/wp\/v2\/pages\/1229\/revisions\/4263"}],"wp:attachment":[{"href":"https:\/\/ispsfrey-cha.infd.edu.ar\/sitio\/wp-json\/wp\/v2\/media?parent=1229"}],"curies":[{"name":"wp","href":"https:\/\/api.w.org\/{rel}","templated":true}]}}