{"id":1227,"date":"2018-08-22T14:41:13","date_gmt":"2018-08-22T17:41:13","guid":{"rendered":"https:\/\/ispsfrey-cha.infd.edu.ar\/sitio\/lengua-2\/"},"modified":"2024-07-11T20:59:49","modified_gmt":"2024-07-11T23:59:49","slug":"lengua-2","status":"publish","type":"page","link":"https:\/\/ispsfrey-cha.infd.edu.ar\/sitio\/lengua-2\/","title":{"rendered":"LENGUA"},"content":{"rendered":"<p>El Profesorado en Lengua y Literatura es una oferta de formaci\u00f3n docente inicial de 4 a\u00f1os de duraci\u00f3n que otorga t\u00edtulo de validez nacional y se orienta a formar un perfil profesional cuyas competencias se centran en el dise\u00f1o y la gesti\u00f3n de clases de lengua y literatura en la escuela secundaria.<\/p>\n<p>En ese sentido, nuestro profesorado desarrolla capacidades docentes en la ense\u00f1anza de la lengua y la literatura desde miradas pedag\u00f3gico-did\u00e1cticas actuales. Los estudiantes cursan unidades que promueven la reflexi\u00f3n sobre la lengua, revisando la gram\u00e1tica del espa\u00f1ol y estimulando la reflexi\u00f3n metaling\u00fc\u00edstica, para comprender la lengua como resultado de hechos hist\u00f3ricos que configuran nuestra identidad cultural. Adem\u00e1s, adquieren herramientas de an\u00e1lisis del discurso para dise\u00f1ar propuestas de ense\u00f1anza contextualizadas.<\/p>\n<p>El profesorado tambi\u00e9n incluye unidades curriculares centradas en la literatura, ofreciendo lecturas que abarcan desde literaturas cl\u00e1sicas hasta obras cumbres de la literatura argentina y latinoamericana, trat\u00e1ndose tanto como objetos de an\u00e1lisis te\u00f3rico como de ense\u00f1anza pedag\u00f3gica.<\/p>\n<p>Pero\u2026 \u00bfQu\u00e9 m\u00e1s nos ofrece esta carrera?<\/p>\n<p>Contamos con una organizaci\u00f3n horaria que est\u00e1 estructurada en funci\u00f3n de las necesidades estudiantiles: hay comisiones de cursado repartidas en dos turnos con horarios concentrados. Contamos adem\u00e1s con un plantel docente de vasta experiencia en el nivel secundario y sobre todo con formaci\u00f3n especializada para la ense\u00f1anza en el nivel superior.<\/p>\n<p>Por otra parte, se realizan actividades integrales como visitas guiadas, que fomentan la participaci\u00f3n directa de los estudiantes en eventos relacionados con el fomento de la lectura, como el Foro del Libro y la Feria del Libro, donde pueden interactuar con escritores. Estas experiencias estimulan la participaci\u00f3n en talleres y otras actividades. Asimismo, los estudiantes colaboran en actos protocolares y presentan propuestas en la Semana de la Cultura y en las Muestras de Pr\u00e1cticas Pedag\u00f3gicas, entre otras iniciativas.<\/p>\n<p>Para concluir, nuestro profesorado se dedica a formar docentes que no s\u00f3lo transmiten conocimiento, sino que tambi\u00e9n inspiran a sus estudiantes a encontrar su mundo en las letras.<\/p>\n<p id=\"h.p_z9lqurBymHKg\" class=\"zfr3Q\"><strong>Primer a\u00f1o<\/strong><\/p>\n<p id=\"h.p_0RS-ujK7pST6\" class=\"zfr3Q\">Pedagog\u00eda<\/p>\n<p id=\"h.p_V5x6CwskpST9\" class=\"zfr3Q\">Alfabetizaci\u00f3n Acad\u00e9mica<\/p>\n<p id=\"h.p_pSLiBvFjpST_\" class=\"zfr3Q\">Did\u00e1ctica General<\/p>\n<p id=\"h.p_oBpErVXepSUB\" class=\"zfr3Q\">Literatura Cl\u00e1sica I<\/p>\n<p id=\"h.p_tasudbafpSUD\" class=\"zfr3Q\">Literatura Cl\u00e1sica II<\/p>\n<p id=\"h.p_i93gfktSpSUI\" class=\"zfr3Q\">Taleer de Introducci\u00f3n a los Estudios Literarios y Cr\u00edtica Literaria<\/p>\n<p id=\"h.p_egGpYvPVpSUK\" class=\"zfr3Q\">Taller de Introducci\u00f3n a los Estudios Literarios y Cr\u00edtica Literaria<\/p>\n<p id=\"h.p_K0RKp3wzpSUM\" class=\"zfr3Q\">Lengua I<\/p>\n<p id=\"h.p_desP4CwxpSUO\" class=\"zfr3Q\">Sujeto de la Educaci\u00f3n Secundaria<\/p>\n<p id=\"h.p_YmDmtoQSpSUQ\" class=\"zfr3Q\">Pr\u00e1ctica Docente I<\/p>\n<p id=\"h.p_5uJ-RR5ipSUS\" class=\"zfr3Q\"><strong>Segundo a\u00f1o<\/strong><\/p>\n<p id=\"h.p_TX-__l3zpSUU\" class=\"zfr3Q\">Psicolog\u00eda Educacional<\/p>\n<p id=\"h.p_xmxSQBe3pSUW\" class=\"zfr3Q\">Filosof\u00eda<\/p>\n<p id=\"h.p_AUWP41oPpSUa\" class=\"zfr3Q\">Tecnolog\u00eda de la Informaci\u00f3n y la Comunicaci\u00f3n en Educaci\u00f3n<\/p>\n<p id=\"h.p_hyZP-_10pSUf\" class=\"zfr3Q\">Cultura y Lenguas Originarias<\/p>\n<p id=\"h.p_CPFHMxQgpSUi\" class=\"zfr3Q\">Literatura Comparada I<\/p>\n<p id=\"h.p_k2Bon_tZpSUk\" class=\"zfr3Q\">An\u00e1lisis del Discurso<\/p>\n<p id=\"h.p_Z5Dc2uREpSUn\" class=\"zfr3Q\">Ling\u00fc\u00edstica I<\/p>\n<p id=\"h.p_aa22P0b1pSUv\" class=\"zfr3Q\">Literatura Argentina I<\/p>\n<p id=\"h.p_S__BAwZGpSUy\" class=\"zfr3Q\">Taller de Lectura, Escritura y Oralidad<\/p>\n<p id=\"h.p_yntquFBrpSU1\" class=\"zfr3Q\">Literatura para Ni\u00f1os y J\u00f3venes<\/p>\n<p id=\"h.p_m5GbWfAspSU3\" class=\"zfr3Q\">Pr\u00e1ctica Docente II<\/p>\n<p id=\"h.p_UY9r0rRipSU6\" class=\"zfr3Q\"><strong>Tercer a\u00f1o<\/strong><\/p>\n<p id=\"h.p_u6qqnuwwpSU8\" class=\"zfr3Q\">Sociolog\u00eda de la Educaci\u00f3n<\/p>\n<p id=\"h.p_q6U2b7oPpSU_\" class=\"zfr3Q\">Historia y Pol\u00edtica de la Educaci\u00f3n Latinoamericana, Argentina y Chaque\u00f1a<\/p>\n<p id=\"h.p_1vOKcCR4pSVB\" class=\"zfr3Q\">Ling\u00fc\u00edstica II<\/p>\n<p id=\"h.p_sxvlCrv8pSVD\" class=\"zfr3Q\">Teor\u00eda Literaria<\/p>\n<p id=\"h.p_Rok-Kx8VpSVF\" class=\"zfr3Q\">Did\u00e1ctica de la Lengua<\/p>\n<p id=\"h.p_sIZLMIa4pSVJ\" class=\"zfr3Q\">Did\u00e1ctica de la Literatura<\/p>\n<p id=\"h.p_u0GX6C9ypSVL\" class=\"zfr3Q\">Literatura Argentina II<\/p>\n<p id=\"h.p_KUQfFHj8pSVO\" class=\"zfr3Q\">Pr\u00e1ctica Docente III<\/p>\n<p id=\"h.p_E0LZByc3pSVQ\" class=\"zfr3Q\"><strong>Cuarto a\u00f1o<\/strong><\/p>\n<p id=\"h.p_-hV5J6bHpSVT\" class=\"zfr3Q\">Formaci\u00f3n en Derechos Humanos, \u00c9tica y Ciudadan\u00eda<\/p>\n<p id=\"h.p_9gLUBI7ZpSVV\" class=\"zfr3Q\">Lengua II<\/p>\n<p id=\"h.p_1qZfEM7QpSVX\" class=\"zfr3Q\">Literatura Latinoamericana<\/p>\n<p id=\"h.p_Z0TFSOw6pSVZ\" class=\"zfr3Q\">Literatura Comparada II<\/p>\n<p id=\"h.p_I8Lnir3cpSVf\" class=\"zfr3Q\">Semi\u00f3tica y otros Discursos<\/p>\n<p id=\"h.p_WkpTjc5ApSVn\" class=\"zfr3Q\">Residencia Pedag\u00f3gica<\/p>\n","protected":false},"excerpt":{"rendered":"<p>El Profesorado en Lengua y Literatura es una oferta de formaci\u00f3n docente inicial de 4 a\u00f1os de duraci\u00f3n que otorga t\u00edtulo de validez nacional y se orienta a formar un perfil profesional cuyas competencias se centran en el dise\u00f1o y la gesti\u00f3n de clases de lengua y literatura en la escuela secundaria. En ese sentido, &#8230; <a title=\"LENGUA\" class=\"read-more\" href=\"https:\/\/ispsfrey-cha.infd.edu.ar\/sitio\/lengua-2\/\" aria-label=\"More on LENGUA\">[+]<\/a><\/p>\n","protected":false},"author":7,"featured_media":0,"parent":0,"menu_order":0,"comment_status":"closed","ping_status":"closed","template":"","meta":[],"acf":[],"_links":{"self":[{"href":"https:\/\/ispsfrey-cha.infd.edu.ar\/sitio\/wp-json\/wp\/v2\/pages\/1227"}],"collection":[{"href":"https:\/\/ispsfrey-cha.infd.edu.ar\/sitio\/wp-json\/wp\/v2\/pages"}],"about":[{"href":"https:\/\/ispsfrey-cha.infd.edu.ar\/sitio\/wp-json\/wp\/v2\/types\/page"}],"author":[{"embeddable":true,"href":"https:\/\/ispsfrey-cha.infd.edu.ar\/sitio\/wp-json\/wp\/v2\/users\/7"}],"replies":[{"embeddable":true,"href":"https:\/\/ispsfrey-cha.infd.edu.ar\/sitio\/wp-json\/wp\/v2\/comments?post=1227"}],"version-history":[{"count":2,"href":"https:\/\/ispsfrey-cha.infd.edu.ar\/sitio\/wp-json\/wp\/v2\/pages\/1227\/revisions"}],"predecessor-version":[{"id":4278,"href":"https:\/\/ispsfrey-cha.infd.edu.ar\/sitio\/wp-json\/wp\/v2\/pages\/1227\/revisions\/4278"}],"wp:attachment":[{"href":"https:\/\/ispsfrey-cha.infd.edu.ar\/sitio\/wp-json\/wp\/v2\/media?parent=1227"}],"curies":[{"name":"wp","href":"https:\/\/api.w.org\/{rel}","templated":true}]}}