{"id":1225,"date":"2018-08-22T14:41:13","date_gmt":"2018-08-22T17:41:13","guid":{"rendered":"https:\/\/ispsfrey-cha.infd.edu.ar\/sitio\/matematica-2\/"},"modified":"2024-05-08T09:35:42","modified_gmt":"2024-05-08T12:35:42","slug":"matematica-2","status":"publish","type":"page","link":"https:\/\/ispsfrey-cha.infd.edu.ar\/sitio\/matematica-2\/","title":{"rendered":"MATEM\u00c1TICA"},"content":{"rendered":"<p>El profesorado en Matem\u00e1tica tiene una duraci\u00f3n de 4 a\u00f1os, su recorrido ser\u00e1 matem\u00e1tico-did\u00e1ctico y con propuestas orientadas a acompa\u00f1ar a los estudiantes de manera integral, incorporando las TIC en los actuales escenarios de desarrollo de ense\u00f1anza-aprendizaje como as\u00ed tambi\u00e9n, la utilizaci\u00f3n de la evaluaci\u00f3n formativa con retroalimentaci\u00f3n, para dar cuenta de avances y dificultades en los procesos de aprendizaje de los saberes imprescindibles en cada espacio curricular.<\/p>\n<p>Por lo tanto, durante su formaci\u00f3n inicial el estudiante, realizar\u00e1 diversas actividades acad\u00e9micas, que los formar\u00e1 para desempe\u00f1arse en la ense\u00f1anza de la matem\u00e1tica en los niveles medios y superior.<\/p>\n<p>\u00bfCon qu\u00e9 nos encontraremos? Adem\u00e1s del cursado de los distintos espacios curriculares se realizar\u00e1 distintas actividades integrales, por ejemplo: Viajes de estudio para promover la participaci\u00f3n de estudiantes en Congresos Provinciales y Nacionales. Encuentro de estudiantes Provinciales. Activa participaci\u00f3n en organizaci\u00f3n de talleres. Participaci\u00f3n en actos protocolares. Encuentros Inter &#8211; carreras, como la semana de la cultura o muestras de las pr\u00e1cticas, otros.<\/p>\n<p>Sabemos que no es una tarea f\u00e1cil, requiere de responsabilidades, por lo tanto, el compromiso de los docentes es de acompa\u00f1arte, para que todos tengan la oportunidad de educarse y formarse con excelencia educativa.<\/p>\n<p id=\"h.p_z9lqurBymHKg\" class=\"zfr3Q\"><strong>Primer a\u00f1o<\/strong><\/p>\n<p id=\"h.p_01_OrWGMmSL9\" class=\"zfr3Q\">Pedagog\u00eda<\/p>\n<p id=\"h.p_ei93VWt5mSMB\" class=\"zfr3Q\">Alfabetizaci\u00f3n Acad\u00e9mica<\/p>\n<p id=\"h.p_M3bjI5HZmSME\" class=\"zfr3Q\">Did\u00e1ctica General<\/p>\n<p id=\"h.p_4djmjKuTmSMG\" class=\"zfr3Q\">Algebra I<\/p>\n<p id=\"h.p_jT94q9qEmSMJ\" class=\"zfr3Q\">Geometr\u00eda I<\/p>\n<p id=\"h.p_025l04TMmSMO\" class=\"zfr3Q\">Historia de la Matem\u00e1tica<\/p>\n<p id=\"h.p_grfGNIW1mSMS\" class=\"zfr3Q\">Sujeto de la Educaci\u00f3n Secundaria<\/p>\n<p id=\"h.p_JdjYBcHWmSMW\" class=\"zfr3Q\">Pr\u00e1ctica Docente I<\/p>\n<p id=\"h.p_yDfUo-ixmSMa\" class=\"zfr3Q\"><strong>Segundo a\u00f1o<\/strong><\/p>\n<p id=\"h.p_Sn1b83a7mSMd\" class=\"zfr3Q\">Algebra II<\/p>\n<p id=\"h.p_xqwX7ihUmSMf\" class=\"zfr3Q\">Geometr\u00eda II<\/p>\n<p id=\"h.p_MqN3Uoa5mSMi\" class=\"zfr3Q\">An\u00e1lisis Matem\u00e1tico<\/p>\n<p id=\"h.p_-2-lb5JXmSMk\" class=\"zfr3Q\">Psicolog\u00eda Educacional<\/p>\n<p id=\"h.p_jPS7xEJSmSMp\" class=\"zfr3Q\">Filosof\u00eda<\/p>\n<p id=\"h.p_rl8b3EhimSMt\" class=\"zfr3Q\">TIC en Educaci\u00f3n<\/p>\n<p id=\"h.p_FNYnDkNqmSMw\" class=\"zfr3Q\">Cultura y Lengua Originaria<\/p>\n<p id=\"h.p_KlLjDv2smSMz\" class=\"zfr3Q\">Pr\u00e1ctica Docente II<\/p>\n<p>Did\u00e1ctica de la Matem\u00e1tica I<\/p>\n<p id=\"h.p_aDnQuedHmSM2\" class=\"zfr3Q\"><strong>Tercer a\u00f1o<\/strong><\/p>\n<p id=\"h.p_nFNYE3TtmSNG\" class=\"zfr3Q\">An\u00e1lisis Matem\u00e1tico II<\/p>\n<p id=\"h.p_m_yR4b9dmSNJ\" class=\"zfr3Q\">Probabilidad y Estad\u00edsticas<\/p>\n<p id=\"h.p_bbIPCV58mSNM\" class=\"zfr3Q\">Algebra y Geometr\u00eda III<\/p>\n<p id=\"h.p_P2xgdJ03mSNS\" class=\"zfr3Q\">Did\u00e1ctica de la Matem\u00e1tica II<\/p>\n<p id=\"h.p_yTYhvz5VmSNU\" class=\"zfr3Q\">La Ense\u00f1anza de la Matem\u00e1tica con TIC<\/p>\n<p id=\"h.p_YIHI8HfUmSNW\" class=\"zfr3Q\">Historia y Pol\u00edtica de la Educaci\u00f3n Latinoamericana, Argentina y Chaque\u00f1a<\/p>\n<p id=\"h.p_x834WH-kmSNY\" class=\"zfr3Q\">Sociolog\u00eda<\/p>\n<p id=\"h.p_VBT2zl0mmSNb\" class=\"zfr3Q\">Pr\u00e1ctica Docente III<\/p>\n<p id=\"h.p_AK7kauFvmSNd\" class=\"zfr3Q\"><strong>Cuarto a\u00f1o<\/strong><\/p>\n<p id=\"h.p_iSSBs0AfmSNg\" class=\"zfr3Q\">Modelizaci\u00f3n Matem\u00e1tica<\/p>\n<p id=\"h.p_UhX5mQOsmSNi\" class=\"zfr3Q\">F\u00edsica General<\/p>\n<p id=\"h.p_AzrVa8YcmSNm\" class=\"zfr3Q\">Metodolog\u00eda de la Investigaci\u00f3n Educativa en Matem\u00e1tica<\/p>\n<p id=\"h.p_lkKPxNf6mSNp\" class=\"zfr3Q\">Formaci\u00f3n en Derechos Humanos, \u00c9tica y Ciudadan\u00eda<\/p>\n<p id=\"h.p_NpuprJhImSNr\" class=\"zfr3Q\">Residencia Pedag\u00f3gica<\/p>\n","protected":false},"excerpt":{"rendered":"<p>El profesorado en Matem\u00e1tica tiene una duraci\u00f3n de 4 a\u00f1os, su recorrido ser\u00e1 matem\u00e1tico-did\u00e1ctico y con propuestas orientadas a acompa\u00f1ar a los estudiantes de manera integral, incorporando las TIC en los actuales escenarios de desarrollo de ense\u00f1anza-aprendizaje como as\u00ed tambi\u00e9n, la utilizaci\u00f3n de la evaluaci\u00f3n formativa con retroalimentaci\u00f3n, para dar cuenta de avances y dificultades &#8230; <a title=\"MATEM\u00c1TICA\" class=\"read-more\" href=\"https:\/\/ispsfrey-cha.infd.edu.ar\/sitio\/matematica-2\/\" aria-label=\"More on MATEM\u00c1TICA\">[+]<\/a><\/p>\n","protected":false},"author":7,"featured_media":0,"parent":0,"menu_order":0,"comment_status":"closed","ping_status":"closed","template":"","meta":[],"acf":[],"_links":{"self":[{"href":"https:\/\/ispsfrey-cha.infd.edu.ar\/sitio\/wp-json\/wp\/v2\/pages\/1225"}],"collection":[{"href":"https:\/\/ispsfrey-cha.infd.edu.ar\/sitio\/wp-json\/wp\/v2\/pages"}],"about":[{"href":"https:\/\/ispsfrey-cha.infd.edu.ar\/sitio\/wp-json\/wp\/v2\/types\/page"}],"author":[{"embeddable":true,"href":"https:\/\/ispsfrey-cha.infd.edu.ar\/sitio\/wp-json\/wp\/v2\/users\/7"}],"replies":[{"embeddable":true,"href":"https:\/\/ispsfrey-cha.infd.edu.ar\/sitio\/wp-json\/wp\/v2\/comments?post=1225"}],"version-history":[{"count":2,"href":"https:\/\/ispsfrey-cha.infd.edu.ar\/sitio\/wp-json\/wp\/v2\/pages\/1225\/revisions"}],"predecessor-version":[{"id":4261,"href":"https:\/\/ispsfrey-cha.infd.edu.ar\/sitio\/wp-json\/wp\/v2\/pages\/1225\/revisions\/4261"}],"wp:attachment":[{"href":"https:\/\/ispsfrey-cha.infd.edu.ar\/sitio\/wp-json\/wp\/v2\/media?parent=1225"}],"curies":[{"name":"wp","href":"https:\/\/api.w.org\/{rel}","templated":true}]}}